{"id":23,"date":"2020-11-02T00:00:11","date_gmt":"2020-11-01T23:00:11","guid":{"rendered":"https:\/\/www.emeric-fitness.com\/?page_id=23"},"modified":"2020-11-02T01:35:21","modified_gmt":"2020-11-02T00:35:21","slug":"elementor-23","status":"publish","type":"page","link":"https:\/\/www.emeric-fitness.com\/index.php\/elementor-23\/","title":{"rendered":"A propos"},"content":{"rendered":"\t\t<div data-elementor-type=\"wp-page\" data-elementor-id=\"23\" class=\"elementor elementor-23\" data-elementor-settings=\"[]\">\n\t\t\t\t\t\t<div class=\"elementor-inner\">\n\t\t\t\t\t\t\t<div class=\"elementor-section-wrap\">\n\t\t\t\t\t\t\t<section class=\"elementor-section elementor-top-section elementor-element elementor-element-380c5c9 elementor-section-boxed elementor-section-height-default elementor-section-height-default\" data-id=\"380c5c9\" data-element_type=\"section\">\n\t\t\t\t\t\t<div class=\"elementor-container elementor-column-gap-default\">\n\t\t\t\t\t\t\t<div class=\"elementor-row\">\n\t\t\t\t\t<div class=\"elementor-column elementor-col-100 elementor-top-column elementor-element elementor-element-7ae1957\" data-id=\"7ae1957\" data-element_type=\"column\">\n\t\t\t<div class=\"elementor-column-wrap elementor-element-populated\">\n\t\t\t\t\t\t\t<div class=\"elementor-widget-wrap\">\n\t\t\t\t\t\t<div class=\"elementor-element elementor-element-f0a5017 elementor-widget elementor-widget-text-editor\" data-id=\"f0a5017\" data-element_type=\"widget\" data-widget_type=\"text-editor.default\">\n\t\t\t\t<div class=\"elementor-widget-container\">\n\t\t\t\t\t<div class=\"elementor-text-editor elementor-clearfix\"><p>De vocation et de formation artistique, j\u2019ai travaill\u00e9 dans le domaine de la communication visuelle 7 ann\u00e9es durant, alors que parall\u00e8lement une autre id\u00e9e faisait son chemin.<\/p><p>Cette id\u00e9e arriva \u00e0 maturit\u00e9 au courant de l&#8217;ann\u00e9e 2012, <em>date provisoirement retenue pour la fin du monde dont il fallut du coup repousser l\u2019\u00e9ch\u00e9ance. Mes excuses \u00e0 tout ceux qui pensaient ne plus rien avoir \u00e0 pr\u00e9voir, et durent dans l&#8217;urgence se procurer un agenda 2013. Date qui de toutes \u00e9vidences d\u00fb d\u00e9clencher un tas de d\u00e9bat tout aussi urgent chez les plus superstitieux, qui pensaient eux non plus ne plus rien avoir \u00e0 superstiter.<\/em><\/p><p>C&#8217;est donc avec flegme que j&#8217;acceptais cette id\u00e9e nouvelle et pourtant folle : &#8220;devenir coach aquagym&#8221;, probablement confondu par &#8220;devenir directeur artistique&#8221; 7 ans plus t\u00f4t. La nuance est l\u00e9g\u00e8re vous en conviendrez, \u00e0 2 mots pr\u00eat. Mais un choix de carri\u00e8re se m\u00fbrit. L\u2019exp\u00e9rience f\u00fbt passionnante, et l\u2019erreur n\u2019en f\u00fbt pas une.<\/p><p>Aujourd&#8217;hui, professionnel des m\u00e9tiers de la natation, et plus sp\u00e9cifiquement &#8220;coach aquagym&#8221;, je dois avouer que cette id\u00e9e \u00e9tait une bonne id\u00e9e. \u00c9galement appel\u00e9e &#8220;bonne id\u00e9e&#8221; dans le domaine de la publicit\u00e9, n&#8217;y voyez cependant pas plus de co\u00efncidence. Je travaille d\u2019arrache pieds \u00e0 apporter cr\u00e9ativit\u00e9, audace et regard neuf sur ma pratique.<\/p><p>Je souhaite \u00e0 celles et ceux qui m&#8217;auront lu jusqu\u2019ici de trouver vous aussi votre propre recette, alliant avec autant de justesse &#8220;plaisir&#8221; et &#8220;travail&#8221;.<\/p><\/div>\n\t\t\t\t<\/div>\n\t\t\t\t<\/div>\n\t\t\t\t\t\t<\/div>\n\t\t\t\t\t<\/div>\n\t\t<\/div>\n\t\t\t\t\t\t\t\t<\/div>\n\t\t\t\t\t<\/div>\n\t\t<\/section>\n\t\t\t\t\t\t<\/div>\n\t\t\t\t\t\t<\/div>\n\t\t\t\t\t<\/div>\n\t\t","protected":false},"excerpt":{"rendered":"<p>De vocation et de formation artistique, j\u2019ai travaill\u00e9 dans le domaine de la communication visuelle 7 ann\u00e9es durant, alors que parall\u00e8lement une autre id\u00e9e faisait son chemin. Cette id\u00e9e arriva \u00e0 maturit\u00e9 au courant de l&#8217;ann\u00e9e 2012, date provisoirement retenue pour la fin du  &#8230;<\/p>\n","protected":false},"author":1,"featured_media":0,"parent":0,"menu_order":0,"comment_status":"closed","ping_status":"closed","template":"","meta":[],"_links":{"self":[{"href":"https:\/\/www.emeric-fitness.com\/index.php\/wp-json\/wp\/v2\/pages\/23"}],"collection":[{"href":"https:\/\/www.emeric-fitness.com\/index.php\/wp-json\/wp\/v2\/pages"}],"about":[{"href":"https:\/\/www.emeric-fitness.com\/index.php\/wp-json\/wp\/v2\/types\/page"}],"author":[{"embeddable":true,"href":"https:\/\/www.emeric-fitness.com\/index.php\/wp-json\/wp\/v2\/users\/1"}],"replies":[{"embeddable":true,"href":"https:\/\/www.emeric-fitness.com\/index.php\/wp-json\/wp\/v2\/comments?post=23"}],"version-history":[{"count":10,"href":"https:\/\/www.emeric-fitness.com\/index.php\/wp-json\/wp\/v2\/pages\/23\/revisions"}],"predecessor-version":[{"id":61,"href":"https:\/\/www.emeric-fitness.com\/index.php\/wp-json\/wp\/v2\/pages\/23\/revisions\/61"}],"wp:attachment":[{"href":"https:\/\/www.emeric-fitness.com\/index.php\/wp-json\/wp\/v2\/media?parent=23"}],"curies":[{"name":"wp","href":"https:\/\/api.w.org\/{rel}","templated":true}]}}